{"id":68,"date":"2022-06-18T09:53:10","date_gmt":"2022-06-18T09:53:10","guid":{"rendered":"https:\/\/mopgp.org\/?page_id=68"},"modified":"2026-02-21T09:30:42","modified_gmt":"2026-02-21T09:30:42","slug":"committees","status":"publish","type":"page","link":"https:\/\/mopgp.org\/?page_id=68","title":{"rendered":"Committees"},"content":{"rendered":"\n<p><strong>Conference Chair:<\/strong><\/p>\n\n\n\n<ul class=\"wp-block-list\">\n<li>Matteo Rocca, Universit\u00e0 degli Studi dell\u2019Insubria, Italy<\/li>\n\n\n\n<li>Davide La Torre (co-chair), Skema Business School, France<\/li>\n<\/ul>\n\n\n\n<p><strong>Organizing Committee<\/strong><\/p>\n\n\n\n<ul class=\"wp-block-list\">\n<li>Chair: Matteo Rocca<\/li>\n\n\n\n<li>Co-chair: Davide La Torre<\/li>\n\n\n\n<li>Members: &nbsp;Asmerilda Hitaj, Amelia Kunze, Paolo Leonetti, Elisa Mastrogiacomo, Fabio Vanni<\/li>\n<\/ul>\n\n\n\n<p><strong>Program Chair<\/strong>: Matteo Rocca (chair), Davide La Torre (co-chair)<\/p>\n\n\n\n<p><strong>Scientific Committee<\/strong><\/p>\n\n\n\n<ul class=\"wp-block-list\">\n<li>Adiel&nbsp;Teixeira de&nbsp;Almeida (Federal University of Pernambuco, Brazil)<\/li>\n\n\n\n<li>Alexis Tsoukias (Universit\u00e9 Paris-Dauphine, France)<\/li>\n\n\n\n<li>Bela\u00efd Aouni (Qatar University, Qatar)<\/li>\n\n\n\n<li>Blanca P\u00e9rez-Gladish (University of Oviedo, Spain)<\/li>\n\n\n\n<li>Carlos Coello (CINVESTAV-IPN, Mexico)<\/li>\n\n\n\n<li>Carlos Romero (Technical University of Madrid, Spain)<\/li>\n\n\n\n<li>Constantin Zopounidis (Technical University of Crete, Greece)<\/li>\n\n\n\n<li>Daniel Vanderpooten (Universit\u00e9 Paris-Dauphine, France)<\/li>\n\n\n\n<li>Davide La Torre (SKEMA Business School, France)<\/li>\n\n\n\n<li>Dylan Jones (University of Portsmouth, UK)<\/li>\n\n\n\n<li>El-Ghazali Talbi (University of Lille, France)<\/li>\n\n\n\n<li>Erdin\u00e7 \u00d6ner (Ya\u015far University, T\u00fcrkiye)<\/li>\n\n\n\n<li>Fouad Ben Abdeaziz (NEOMA Business School, France)<\/li>\n\n\n\n<li>Francisco Ruiz (University of M\u00e1laga, Spain)<\/li>\n\n\n\n<li>G\u00fcnter Fandel (FernUniversit\u00e4t in Hagen, Germany)<\/li>\n\n\n\n<li>Hatem Masri (University of Bahrain, Bahrain)<\/li>\n\n\n\n<li>Imed Kacem (Univ. de Lorraine, France)<\/li>\n\n\n\n<li>Jian Wu (Shanghai Maritime University, China)<\/li>\n\n\n\n<li>Jo\u00e3o Cl\u00edmaco (University of Coimbra, Portugal)<\/li>\n\n\n\n<li>Johannes&nbsp;Siebert (University of Bayreuth, Germany)<\/li>\n\n\n\n<li>Jos\u00e9 Rui Figueira (University of Lisboa, Portugal)<\/li>\n\n\n\n<li>Laetitia Jourdan (Universit\u00e9 de Lille, France)<\/li>\n\n\n\n<li>Levent Kandiller (Ya\u015far University, T\u00fcrkiye)<\/li>\n\n\n\n<li>Lionel Amodeo (UTT, France)<\/li>\n\n\n\n<li>Madjid Tavana (University of Lasalle, USA)<\/li>\n\n\n\n<li>Margaret&nbsp;Wiecek (Clemson University, USA)<\/li>\n\n\n\n<li>Maria M. Munoz (University of Malaga, Spain)<\/li>\n\n\n\n<li>Matthias&nbsp;Ehrgott (Lancaster School of Management, UK)<\/li>\n\n\n\n<li>Mehdi Souier (University of Tlemcen, Algeria)<\/li>\n\n\n\n<li>Mehdi Toloo (Technical University of Ostrava, Czech Republic)<\/li>\n\n\n\n<li>Mehrdad Tamiz (Yasar Universit, Turkey)<\/li>\n\n\n\n<li>\u00d6nder Bulut (Ya\u015far University, T\u00fcrkiye)<\/li>\n\n\n\n<li>\u00d6zg\u00fcr Toy (Ya\u015far University, T\u00fcrkiye)<\/li>\n\n\n\n<li>Patrice Perny (Universit\u00e9 Pierre et Marie Curie, France)<\/li>\n\n\n\n<li>Patrick Siarry (Univ. Paris Est, France)<\/li>\n\n\n\n<li>Peide Liu (Shandong University of Finance and Economics, China)<\/li>\n\n\n\n<li>Rafael Caballero (University of M\u00e1laga, Spain)<\/li>\n\n\n\n<li>Ralph Steuer (University of Georgia, USA)<\/li>\n\n\n\n<li>Ridha Mahjoub (University Paris Dauphine, France)<\/li>\n\n\n\n<li>Salvatore Greco (Univ. Portsmouth, UK)<\/li>\n\n\n\n<li>Taicir Loukil (University of Sfax, Tunisia)<\/li>\n\n\n\n<li>Vincent T\u2019kindt (Universit\u00e9 de Tours, France)<\/li>\n\n\n\n<li>Xavier Gandibleux (University of Nantes, France)<\/li>\n<\/ul>\n\n\n\n<p><strong>Steering Committee<\/strong><\/p>\n\n\n\n<ul class=\"wp-block-list\">\n<li>Bela\u00efd Aouni (Qatar University, Qatar)<\/li>\n\n\n\n<li>Davide La Torre (Skema Business School, France)<\/li>\n\n\n\n<li>Dylan Jones (University of Portsmouth, UK)<\/li>\n\n\n\n<li>Fouad Ben Abdelaziz (NEOMA Business School, France)<\/li>\n\n\n\n<li>Hatem Masri (University of Bahrain, Kingdom of Bahrain)<\/li>\n<\/ul>\n","protected":false},"excerpt":{"rendered":"<p>Conference Chair: Organizing Committee Program Chair: Matteo Rocca (chair), Davide La Torre (co-chair) Scientific Committee Steering Committee<\/p>\n","protected":false},"author":1,"featured_media":0,"parent":0,"menu_order":0,"comment_status":"closed","ping_status":"closed","template":"","meta":{"footnotes":""},"class_list":["post-68","page","type-page","status-publish","hentry"],"_links":{"self":[{"href":"https:\/\/mopgp.org\/index.php?rest_route=\/wp\/v2\/pages\/68","targetHints":{"allow":["GET"]}}],"collection":[{"href":"https:\/\/mopgp.org\/index.php?rest_route=\/wp\/v2\/pages"}],"about":[{"href":"https:\/\/mopgp.org\/index.php?rest_route=\/wp\/v2\/types\/page"}],"author":[{"embeddable":true,"href":"https:\/\/mopgp.org\/index.php?rest_route=\/wp\/v2\/users\/1"}],"replies":[{"embeddable":true,"href":"https:\/\/mopgp.org\/index.php?rest_route=%2Fwp%2Fv2%2Fcomments&post=68"}],"version-history":[{"count":5,"href":"https:\/\/mopgp.org\/index.php?rest_route=\/wp\/v2\/pages\/68\/revisions"}],"predecessor-version":[{"id":6557,"href":"https:\/\/mopgp.org\/index.php?rest_route=\/wp\/v2\/pages\/68\/revisions\/6557"}],"wp:attachment":[{"href":"https:\/\/mopgp.org\/index.php?rest_route=%2Fwp%2Fv2%2Fmedia&parent=68"}],"curies":[{"name":"wp","href":"https:\/\/api.w.org\/{rel}","templated":true}]}}